{"id":22,"date":"2026-05-08T02:54:20","date_gmt":"2026-05-08T02:54:20","guid":{"rendered":"https:\/\/chezjoelbistro.com\/?page_id=22"},"modified":"2026-05-08T02:54:20","modified_gmt":"2026-05-08T02:54:20","slug":"menu","status":"publish","type":"page","link":"https:\/\/chezjoelbistro.com\/?page_id=22","title":{"rendered":"Menu"},"content":{"rendered":"[vc_row type=&#8221;in_container&#8221; full_screen_row_position=&#8221;middle&#8221; column_margin=&#8221;default&#8221; column_direction=&#8221;default&#8221; column_direction_tablet=&#8221;default&#8221; column_direction_phone=&#8221;default&#8221; scene_position=&#8221;center&#8221; text_color=&#8221;dark&#8221; text_align=&#8221;left&#8221; row_border_radius=&#8221;none&#8221; row_border_radius_applies=&#8221;bg&#8221; row_position_desktop=&#8221;default&#8221; row_position_tablet=&#8221;inherit&#8221; row_position_phone=&#8221;inherit&#8221; overflow=&#8221;visible&#8221; overlay_strength=&#8221;0.3&#8243; gradient_direction=&#8221;left_to_right&#8221; shape_divider_position=&#8221;bottom&#8221; bg_image_animation=&#8221;none&#8221;][vc_column column_padding=&#8221;no-extra-padding&#8221; column_padding_tablet=&#8221;inherit&#8221; column_padding_phone=&#8221;inherit&#8221; column_padding_position=&#8221;all&#8221; flex_gap_desktop=&#8221;10px&#8221; column_element_direction_desktop=&#8221;default&#8221; column_element_spacing=&#8221;default&#8221; desktop_text_alignment=&#8221;default&#8221; tablet_text_alignment=&#8221;default&#8221; phone_text_alignment=&#8221;default&#8221; background_color_opacity=&#8221;1&#8243; background_hover_color_opacity=&#8221;1&#8243; column_backdrop_filter=&#8221;none&#8221; column_shadow=&#8221;none&#8221; column_border_radius=&#8221;none&#8221; column_link_target=&#8221;_self&#8221; column_position=&#8221;default&#8221; gradient_direction=&#8221;left_to_right&#8221; overlay_strength=&#8221;0.3&#8243; width=&#8221;1\/1&#8243; tablet_width_inherit=&#8221;default&#8221; animation_type=&#8221;default&#8221; bg_image_animation=&#8221;none&#8221; border_type=&#8221;simple&#8221; column_border_width=&#8221;none&#8221; column_border_style=&#8221;solid&#8221;][nectar_animated_title heading_tag=&#8221;h4&#8243; style=&#8221;color-strip-reveal&#8221; color=&#8221;Accent-Color&#8221; text=&#8221;MENU&#8221;][vc_column_text css=&#8221;&#8221; text_direction=&#8221;default&#8221;]<strong>Portage du March\u00e9<\/strong><\/p>\n<p>Soupe \u00c0 L&#8217;Oignon Gratin\u00e9e<br \/>\n<em>French onion Soup<\/em><br \/>\n$12.00<\/p>\n<p>Soupe Du Jour<br \/>\n<em>Ask your Server<\/em><br \/>\n$12.00<\/p>\n<p><strong>Hors d&#8217;Oeuvres Froids<\/strong><\/p>\n<p>Tartare De Thon, Facon Asiatique<br \/>\n<em>Tuna Tartare with Tobikko, Asian Sauce and Brioche<\/em><br \/>\n$24.00<\/p>\n<p>P\u00e2t\u00e9 De Canard<br \/>\n<em>Duck Liver P\u00e2t\u00e9 with Traditional Garnish &amp; Toast Points<\/em><br \/>\n$18.00<\/p>\n<p>Assiette De Fromages<br \/>\n<em>Assortment of Imported Cheeses Served with Fruits, Nuts &amp; Toast points<\/em><br \/>\n$18.00<\/p>\n<p>Fromage De Brie Chaud<br \/>\n<em>Warm Brie Cheese with Honey, Caramelized Granny Smith Apples, strawberries, Apricot, Garlic, Pistachio &amp; Toast<\/em><br \/>\n$14.00<\/p>\n<p>Cuisses De Grenouilles Au Beurre Noisetten<br \/>\n<em>Frog Legs with Garlic Spinach, Capers, and Brown Butter Sauce<\/em><br \/>\n$16.00<\/p>\n<p>Escargots A La Bourguignon<br \/>\n<em>French Snails with Garlic Butter, Pernod &amp; Herbed Breadcrumbs<\/em><br \/>\n$14.00<\/p>\n<p>Moules Marini\u00e8res<br \/>\n<em>Steamed Pemaquid Mussels in Herbs, Shallots, and White Wine Sauce, with a Touch of Cream<\/em><br \/>\n$18.00<\/p>\n<p>Poulpe D&#8217;Espagne Grill\u00e9<br \/>\n<em>Spanish Octopus Grilled, Herbs, Garlic, Olive Oil, Lemon Juice and Mashed Potatoes<\/em><br \/>\n$18.00<\/p>\n<p>Salade Maison<br \/>\n<em>Organic Mixed Greens with House Vinaigrette, Granny Smith Apple and, Roasted Walnuts<\/em><br \/>\n$10.00<\/p>\n<p>Salade D&#8217;Endive<br \/>\n<em>Endive Salad, Mustard Vinaigrette with Granny Smith, Roquefort Cheese and Pecans<\/em><br \/>\n$14.00<\/p>\n<p>Salade De Tomates A La Burrata<br \/>\n<em>Burrata, Grape Tomatoes, Cantaloupe, Beet, Strawberry, Basil, Honey Lemon Tarragon Dressing, and pesto<\/em><br \/>\n$18.00<\/p>\n<p>Salade De Betterave<br \/>\n<em>Red and Golden Beet, Organic Mixed Greens, Strawberries, Sherry Vinaigrette and Goat Cheese<\/em><br \/>\n$14.00<\/p>\n<p><strong>Les Viandes<\/strong><\/p>\n<p>Filet Mignon De B\u0153uf Grill\u00e9 Au Jus De Cuisson<br \/>\n<em>Beef Tenderloin Grilled in a Thyme Au Jus, Garlic Moussline, Roasted Shallots, Four Mushrooms, Fricass\u00e9 of Vegetables and Mashed Potatoes<\/em><br \/>\n$46.00<\/p>\n<p>Entrec\u00f4tes Grill\u00e9 Au Beurre Ma\u00eetre D&#8217;H\u00f4tel<br \/>\n<em>10oz Ribeye Steak with Garlic Butter, Roasted Vegetables &amp; Pommes Frites<\/em><br \/>\n$44.00<\/p>\n<p>Steak Grill\u00e9 Au Poivre<br \/>\n<em>Center Cut Grilled NY Strip Steak with Crushed Black Pepper Corn, Cognac Sauce and Pommes Frites<\/em><br \/>\n$42.00<\/p>\n<p>Souris D&#8217;agneau Au Jus De Romarin<br \/>\n<em>Braised Lamb Shank, Wild Mushrooms, Vegetables Fricass\u00e9s, Garlic Mashed Potatoes and Rosemary au Jus<\/em><br \/>\n$44.00<\/p>\n<p>Burger Du Bistro<br \/>\n<em>Prime Beef Pattie with Dried Tomato Cajun Sauce, Shallots Marmalade, Arugula, Gruyere Cheese, Cornichon pickles, Tomato, Brioche Bun, and Pommes Frites<\/em><br \/>\n$18.00<\/p>\n<p><strong>Les Vollailes<\/strong><\/p>\n<p>Coq Au Vin \u00c0 La Mode Rustique \u00c0 Ma Fa\u00e7on<br \/>\n<em>Half Chicken Roasted with Lardons, White Wine, Pearl Onions, Mushrooms Served au Jus &amp; Pommes Frites or Mashed Potatoes<\/em><br \/>\n$32.00<\/p>\n<p>Poulet Aux Romarin<br \/>\n<em>Pan Seared and Roasted Half Chicken with Rosemary, white Burgundy Wine, Garlic, Pearl Onions and Roasted Country Potatoes<\/em><br \/>\n$30.00<\/p>\n<p>Magret Et Confit De Canard, Sauce \u00c0 L&#8217;Orange<br \/>\n<em>Seared Duck Breast &amp; Leg Confit, Wild Mushrooms, Red Cabbage, Beets, Poached Pear, Sweet Potatoes, Butternut Squash Croquettes and Cranberry Orange Sauce<\/em><br \/>\n$42.00<\/p>\n<p><strong>Les Poissons<\/strong><\/p>\n<p>Bouillabaisse Marseillaise<br \/>\n<em>Assortment of Seafood Over Julienne of Vegetables and Bouillabaisse bouillon<\/em><br \/>\n$40.00<\/p>\n<p><em>Noix De Saint Jacques<\/em><br \/>\n<em>Sea Scallops Pan Seared, Saffron Risotto, Chopped Truffles and Asparagus<\/em><br \/>\n$42.00<\/p>\n<p>Filet De Saumon Grill\u00e9<br \/>\n<em>Salmon Filet Grilled, Julienne of Vegetables, Asparagus, Potato Tourn\u00e9e and Mustard Sauce<\/em><br \/>\n$34.00<\/p>\n<p>Poissons, Plats Du Jour<br \/>\n<em>Fresh Fish Daily \u2013 Ask Your Server<\/em><\/p>\n<p><strong>Les P\u00e2tes<\/strong><\/p>\n<p>Linguine Aux Crevettes<br \/>\n<em>Linguine with Shrimps, Garlic, Basil, Sherry Tomatoes and Extra Virgin Olive Oil<\/em><br \/>\n$30.00<\/p>\n<p>Ravioli Au Courge<br \/>\n<em>Butternut Squash Ravioli Served with Sage Butter Sauce, Lemon Zest and Parmesan Shaving, Grilled butternut Squash<\/em><br \/>\n$28.00<\/p>\n<p>Risotto Aux Asperges Et Champignons<br \/>\n<em>Arborio Rice with Fresh Asparagus, Grilled Portobello Mushroom and Truffle Oil<\/em><br \/>\n$30.00<\/p>\n<p><strong>Les Garnitures<\/strong><\/p>\n<p>Pommes Frites<br \/>\n<em>French Fries<\/em><br \/>\n$7.00<\/p>\n<p>Pommes Pur\u00e9e<br \/>\n<em>Mashed Potatoes<\/em><br \/>\n$7.00<\/p>\n<p>Galette De Pommes De Terre<br \/>\n$7.00<\/p>\n<p>Ratatouille<br \/>\n<em>My Own Version of Provincial Vegetable Stew<\/em><br \/>\n$8.00<\/p>\n<p>\u00c9pinard \u00c0 L&#8217;Ail<br \/>\n<em>Garlic Spinach<\/em><br \/>\n$7.00<\/p>\n<p>Haricots Verts<br \/>\n<em>French Green Beans<\/em><br \/>\n$7.00<\/p>\n<p>Champignons<br \/>\n<em>Saut\u00e9ed Mushrooms<\/em><br \/>\n$8.00<\/p>\n<p><strong>LES DESSERTS<\/strong><\/p>\n<p>Moelleux Au Chocolate<br \/>\n<em>Callebaut Chocolate Fondant Served Warm with Vanilla Ice Cream and raspberry coulis<\/em><br \/>\n$14.00<\/p>\n<p>Tarte Aux Pommes<br \/>\n<em>Granny Smith Apples Soaked in Calvados Over Marzipan in a Puff Pastry Crust<\/em><br \/>\n$14.00<\/p>\n<p>Cr\u00e8me Brul\u00e9e<br \/>\n<em>Traditional French Custard with Caramelized Sugar<\/em><br \/>\n$12.00<\/p>\n<p>Profiteroles<br \/>\n<em>Cream Puff filled with Vanilla ice cream, Warm Chocolate and Toasted Sliced Almonds<\/em><br \/>\n$14.00<\/p>\n<p>G\u00e2teau Aux Amandes<br \/>\n<em>Baked Almonds Gateau Served Warm with Vanilla Ice Cream &amp; Caramel Sauce<\/em><br \/>\n$13.00<\/p>\n<p>Fresh Ice Cream &amp; Sorbet<br \/>\n<em>Please Ask your Server for Ice Cream and Sorbet Flavors<\/em><br \/>\n$9.00[\/vc_column_text][\/vc_column][\/vc_row]\n","protected":false},"excerpt":{"rendered":"<p>[vc_row type=&#8221;in_container&#8221; full_screen_row_position=&#8221;middle&#8221; column_margin=&#8221;default&#8221; column_direction=&#8221;default&#8221; column_direction_tablet=&#8221;default&#8221; column_direction_phone=&#8221;default&#8221; scene_position=&#8221;center&#8221; text_color=&#8221;dark&#8221; text_align=&#8221;left&#8221; row_border_radius=&#8221;none&#8221; row_border_radius_applies=&#8221;bg&#8221; row_position_desktop=&#8221;default&#8221; row_position_tablet=&#8221;inherit&#8221; row_position_phone=&#8221;inherit&#8221; overflow=&#8221;visible&#8221; overlay_strength=&#8221;0.3&#8243; gradient_direction=&#8221;left_to_right&#8221; shape_divider_position=&#8221;bottom&#8221; bg_image_animation=&#8221;none&#8221;][vc_column column_padding=&#8221;no-extra-padding&#8221; column_padding_tablet=&#8221;inherit&#8221; column_padding_phone=&#8221;inherit&#8221; column_padding_position=&#8221;all&#8221; flex_gap_desktop=&#8221;10px&#8221; column_element_direction_desktop=&#8221;default&#8221; column_element_spacing=&#8221;default&#8221; desktop_text_alignment=&#8221;default&#8221; tablet_text_alignment=&#8221;default&#8221; phone_text_alignment=&#8221;default&#8221;&#8230;<\/p>\n","protected":false},"author":1,"featured_media":0,"parent":0,"menu_order":0,"comment_status":"closed","ping_status":"closed","template":"","meta":{"footnotes":""},"class_list":["post-22","page","type-page","status-publish"],"featured_image_src":null,"featured_image_src_square":null,"_links":{"self":[{"href":"https:\/\/chezjoelbistro.com\/index.php?rest_route=\/wp\/v2\/pages\/22","targetHints":{"allow":["GET"]}}],"collection":[{"href":"https:\/\/chezjoelbistro.com\/index.php?rest_route=\/wp\/v2\/pages"}],"about":[{"href":"https:\/\/chezjoelbistro.com\/index.php?rest_route=\/wp\/v2\/types\/page"}],"author":[{"embeddable":true,"href":"https:\/\/chezjoelbistro.com\/index.php?rest_route=\/wp\/v2\/users\/1"}],"replies":[{"embeddable":true,"href":"https:\/\/chezjoelbistro.com\/index.php?rest_route=%2Fwp%2Fv2%2Fcomments&post=22"}],"version-history":[{"count":0,"href":"https:\/\/chezjoelbistro.com\/index.php?rest_route=\/wp\/v2\/pages\/22\/revisions"}],"wp:attachment":[{"href":"https:\/\/chezjoelbistro.com\/index.php?rest_route=%2Fwp%2Fv2%2Fmedia&parent=22"}],"curies":[{"name":"wp","href":"https:\/\/api.w.org\/{rel}","templated":true}]}}